{"id":2878,"date":"2022-08-15T16:48:52","date_gmt":"2022-08-15T09:48:52","guid":{"rendered":"http:\/\/localhost\/avs2022\/?page_id=2878"},"modified":"2023-05-25T09:01:21","modified_gmt":"2023-05-25T02:01:21","slug":"video","status":"publish","type":"page","link":"http:\/\/khcn185.vnua.edu.vn\/?page_id=2878","title":{"rendered":"Video"},"content":{"rendered":"\n\t<section class=\"section\" id=\"section_1092774157\">\n\t\t<div class=\"bg section-bg fill bg-fill  bg-loaded\" >\n\n\t\t\t\n\t\t\t\n\t\t\t\n\n\t\t<\/div>\n\n\t\t\n\n\t\t<div class=\"section-content relative\">\n\t\t\t\n\n<div class=\"row\"  id=\"row-1858574661\">\n\n\n\t<div id=\"col-266265278\" class=\"col small-12 large-12\"  >\n\t\t\t\t<div class=\"col-inner\"  >\n\t\t\t\n\t\t\t\n\n<div class=\"mh-bredcrumbs\"><ul id=\"mh-crumbs\"><li><a href=\"http:\/\/khcn185.vnua.edu.vn\">Home \/ <\/a><\/li><\/ul><\/div>\n\n\n\t\t<\/div>\n\t\t\t\t\t<\/div>\n\n\t\n\n<\/div>\n\n\t\t<\/div>\n\n\t\t\n<style>\n#section_1092774157 {\n  padding-top: 2px;\n  padding-bottom: 2px;\n  background-color: rgb(240, 240, 240);\n}\n#section_1092774157 .ux-shape-divider--top svg {\n  height: 150px;\n  --divider-top-width: 100%;\n}\n#section_1092774157 .ux-shape-divider--bottom svg {\n  height: 150px;\n  --divider-width: 100%;\n}\n<\/style>\n\t<\/section>\n\t\n\t<section class=\"section\" id=\"section_645530976\">\n\t\t<div class=\"bg section-bg fill bg-fill  bg-loaded\" >\n\n\t\t\t\n\t\t\t\n\t\t\t\n\n\t\t<\/div>\n\n\t\t\n\n\t\t<div class=\"section-content relative\">\n\t\t\t\n\n<div class=\"row\"  id=\"row-1212056563\">\n\n\n\t<div id=\"col-1040234862\" class=\"col small-12 large-12\"  >\n\t\t\t\t<div class=\"col-inner\"  >\n\t\t\t\n\t\t\t\n\n<div class=\"row\"  id=\"row-695004248\">\n\n\n\t<div id=\"col-520839224\" class=\"col medium-4 small-12 large-4\"  >\n\t\t\t\t<div class=\"col-inner\"  >\n\t\t\t\n\t\t\t\n\n<div class=\"video video-fit mb\" style=\"padding-top:56.25%;\"><iframe loading=\"lazy\" title=\"Nh\u00f3m SVNCKH Khoa Du l\u1ecbch v\u00e0 Ngo\u1ea1i ng\u1eef\" width=\"1020\" height=\"574\" src=\"https:\/\/www.youtube.com\/embed\/qvJI46rDOJU?feature=oembed\" frameborder=\"0\" allow=\"accelerometer; autoplay; clipboard-write; encrypted-media; gyroscope; picture-in-picture; web-share\" allowfullscreen><\/iframe><\/div>\n\n<div class=\"video video-fit mb\" style=\"padding-top:56.25%;\"><p><iframe loading=\"lazy\" title=\"Nh\u00f3m SVNCKH Khoa C\u00f4ng ngh\u1ec7 th\u1ef1c ph\u1ea9m\" width=\"1020\" height=\"574\" src=\"https:\/\/www.youtube.com\/embed\/5x-v25BvH-Y?feature=oembed\" frameborder=\"0\" allow=\"accelerometer; autoplay; clipboard-write; encrypted-media; gyroscope; picture-in-picture; web-share\" allowfullscreen><\/iframe><\/p>\n<\/div>\n\n<p>https:\/\/studio.youtube.com\/video\/qvJI46rDOJU\/edit<\/p>\n\n\t\t<\/div>\n\t\t\t\t\t<\/div>\n\n\t\n\n\t<div id=\"col-703274728\" class=\"col medium-4 small-12 large-4\"  >\n\t\t\t\t<div class=\"col-inner\"  >\n\t\t\t\n\t\t\t\n\n<div class=\"video video-fit mb\" style=\"padding-top:56.25%;\"><p><iframe loading=\"lazy\" title=\"Nh\u00f3m sinh vi\u00ean nghi\u00ean c\u1ee9u khoa h\u1ecdc Khoa C\u01a1 \u0110i\u1ec7n\" width=\"1020\" height=\"574\" src=\"https:\/\/www.youtube.com\/embed\/ZOB-f4Fi2w8?feature=oembed\" frameborder=\"0\" allow=\"accelerometer; autoplay; clipboard-write; encrypted-media; gyroscope; picture-in-picture; web-share\" allowfullscreen><\/iframe><\/p>\n<\/div>\n\n<div class=\"video video-fit mb\" style=\"padding-top:56.25%;\"><p><iframe loading=\"lazy\" title=\"VideoNCKH FST 2023\" width=\"1020\" height=\"574\" src=\"https:\/\/www.youtube.com\/embed\/uEzILpGpEeU?feature=oembed\" frameborder=\"0\" allow=\"accelerometer; autoplay; clipboard-write; encrypted-media; gyroscope; picture-in-picture; web-share\" allowfullscreen><\/iframe><\/p>\n<\/div>\n\n\n\t\t<\/div>\n\t\t\t\t\t<\/div>\n\n\t\n\n\t<div id=\"col-1346865300\" class=\"col medium-4 small-12 large-4\"  >\n\t\t\t\t<div class=\"col-inner\"  >\n\t\t\t\n\t\t\t\n\n<div class=\"video video-fit mb\" style=\"padding-top:56.25%;\"><p><iframe loading=\"lazy\" title=\"\u0110\u1ec1 t\u00e0i SVNCKH 2022  Khoa Ch\u0103n nu\u00f4i\" width=\"1020\" height=\"765\" src=\"https:\/\/www.youtube.com\/embed\/hw1D4DxrYww?feature=oembed\" frameborder=\"0\" allow=\"accelerometer; autoplay; clipboard-write; encrypted-media; gyroscope; picture-in-picture; web-share\" allowfullscreen><\/iframe><\/p>\n<\/div>\n\n<div class=\"video video-fit mb\" style=\"padding-top:56.25%;\"><p><iframe loading=\"lazy\" title=\"Sinh vi\u00ean nghi\u00ean c\u1ee9u khoa h\u1ecdc khoa Th\u1ee7y s\u1ea3n\" width=\"1020\" height=\"574\" src=\"https:\/\/www.youtube.com\/embed\/aPtCB010CJk?feature=oembed\" frameborder=\"0\" allow=\"accelerometer; autoplay; clipboard-write; encrypted-media; gyroscope; picture-in-picture; web-share\" allowfullscreen><\/iframe><\/p>\n<\/div>\n\n\n\t\t<\/div>\n\t\t\t\t\t<\/div>\n\n\t\n\n<\/div>\n\n\t\t<\/div>\n\t\t\t\t\t<\/div>\n\n\t\n\n<\/div>\n\n\t\t<\/div>\n\n\t\t\n<style>\n#section_645530976 {\n  padding-top: 30px;\n  padding-bottom: 30px;\n}\n#section_645530976 .ux-shape-divider--top svg {\n  height: 150px;\n  --divider-top-width: 100%;\n}\n#section_645530976 .ux-shape-divider--bottom svg {\n  height: 150px;\n  --divider-width: 100%;\n}\n<\/style>\n\t<\/section>\n\t\n\n","protected":false},"excerpt":{"rendered":"","protected":false},"author":2,"featured_media":0,"parent":0,"menu_order":3,"comment_status":"closed","ping_status":"closed","template":"page-blank.php","meta":{"footnotes":""},"class_list":["post-2878","page","type-page","status-publish","hentry"],"yoast_head":"<!-- This site is optimized with the Yoast SEO plugin v27.5 - https:\/\/yoast.com\/product\/yoast-seo-wordpress\/ -->\n<title>Video - Ng\u00e0y Khoa h\u1ecdc v\u00e0 C\u00f4ng ngh\u1ec7 Vi\u1ec7t Nam 18\/5<\/title>\n<meta name=\"robots\" content=\"index, follow, max-snippet:-1, max-image-preview:large, max-video-preview:-1\" \/>\n<link rel=\"canonical\" href=\"http:\/\/khcn185.vnua.edu.vn\/?page_id=2878\" \/>\n<meta property=\"og:locale\" content=\"vi_VN\" \/>\n<meta property=\"og:type\" content=\"article\" \/>\n<meta property=\"og:title\" content=\"Video - Ng\u00e0y Khoa h\u1ecdc v\u00e0 C\u00f4ng ngh\u1ec7 Vi\u1ec7t Nam 18\/5\" \/>\n<meta property=\"og:url\" content=\"http:\/\/khcn185.vnua.edu.vn\/?page_id=2878\" \/>\n<meta property=\"og:site_name\" content=\"Ng\u00e0y Khoa h\u1ecdc v\u00e0 C\u00f4ng ngh\u1ec7 Vi\u1ec7t Nam 18\/5\" \/>\n<meta property=\"article:modified_time\" content=\"2023-05-25T02:01:21+00:00\" \/>\n<meta name=\"twitter:card\" content=\"summary_large_image\" \/>\n<meta name=\"twitter:label1\" content=\"\u01af\u1edbc t\u00ednh th\u1eddi gian \u0111\u1ecdc\" \/>\n\t<meta name=\"twitter:data1\" content=\"1 ph\u00fat\" \/>\n<script type=\"application\/ld+json\" class=\"yoast-schema-graph\">{\"@context\":\"https:\\\/\\\/schema.org\",\"@graph\":[{\"@type\":\"WebPage\",\"@id\":\"http:\\\/\\\/khcn185.vnua.edu.vn\\\/?page_id=2878\",\"url\":\"http:\\\/\\\/khcn185.vnua.edu.vn\\\/?page_id=2878\",\"name\":\"Video - Ng\u00e0y Khoa h\u1ecdc v\u00e0 C\u00f4ng ngh\u1ec7 Vi\u1ec7t Nam 18\\\/5\",\"isPartOf\":{\"@id\":\"http:\\\/\\\/localhost\\\/avs2022\\\/#website\"},\"datePublished\":\"2023-05-25T09:01:21+07:00\",\"dateModified\":\"2023-05-25T02:01:21+00:00\",\"breadcrumb\":{\"@id\":\"http:\\\/\\\/khcn185.vnua.edu.vn\\\/?page_id=2878#breadcrumb\"},\"inLanguage\":\"vi\",\"potentialAction\":[{\"@type\":\"ReadAction\",\"target\":[\"http:\\\/\\\/khcn185.vnua.edu.vn\\\/?page_id=2878\"]}]},{\"@type\":\"BreadcrumbList\",\"@id\":\"http:\\\/\\\/khcn185.vnua.edu.vn\\\/?page_id=2878#breadcrumb\",\"itemListElement\":[{\"@type\":\"ListItem\",\"position\":1,\"name\":\"Trang ch\u1ee7\",\"item\":\"http:\\\/\\\/khcn185.vnua.edu.vn\\\/\"},{\"@type\":\"ListItem\",\"position\":2,\"name\":\"Video\"}]},{\"@type\":\"WebSite\",\"@id\":\"http:\\\/\\\/localhost\\\/avs2022\\\/#website\",\"url\":\"http:\\\/\\\/localhost\\\/avs2022\\\/\",\"name\":\"Khoa Th\u1ee7y s\u1ea3n\",\"description\":\"Ng\u00e0y Khoa h\u1ecdc v\u00e0 C\u00f4ng ngh\u1ec7 Vi\u1ec7t Nam 18\\\/5\",\"publisher\":{\"@id\":\"http:\\\/\\\/localhost\\\/avs2022\\\/#organization\"},\"potentialAction\":[{\"@type\":\"SearchAction\",\"target\":{\"@type\":\"EntryPoint\",\"urlTemplate\":\"http:\\\/\\\/localhost\\\/avs2022\\\/?s={search_term_string}\"},\"query-input\":{\"@type\":\"PropertyValueSpecification\",\"valueRequired\":true,\"valueName\":\"search_term_string\"}}],\"inLanguage\":\"vi\"},{\"@type\":\"Organization\",\"@id\":\"http:\\\/\\\/localhost\\\/avs2022\\\/#organization\",\"name\":\"Khoa Th\u1ee7y s\u1ea3n\",\"url\":\"http:\\\/\\\/localhost\\\/avs2022\\\/\",\"logo\":{\"@type\":\"ImageObject\",\"inLanguage\":\"vi\",\"@id\":\"http:\\\/\\\/localhost\\\/avs2022\\\/#\\\/schema\\\/logo\\\/image\\\/\",\"url\":\"http:\\\/\\\/localhost\\\/avs2022\\\/wp-content\\\/uploads\\\/2023\\\/01\\\/banner-fish.png\",\"contentUrl\":\"http:\\\/\\\/localhost\\\/avs2022\\\/wp-content\\\/uploads\\\/2023\\\/01\\\/banner-fish.png\",\"width\":83,\"height\":79,\"caption\":\"Khoa Th\u1ee7y s\u1ea3n\"},\"image\":{\"@id\":\"http:\\\/\\\/localhost\\\/avs2022\\\/#\\\/schema\\\/logo\\\/image\\\/\"}}]}<\/script>\n<!-- \/ Yoast SEO plugin. -->","yoast_head_json":{"title":"Video - Ng\u00e0y Khoa h\u1ecdc v\u00e0 C\u00f4ng ngh\u1ec7 Vi\u1ec7t Nam 18\/5","robots":{"index":"index","follow":"follow","max-snippet":"max-snippet:-1","max-image-preview":"max-image-preview:large","max-video-preview":"max-video-preview:-1"},"canonical":"http:\/\/khcn185.vnua.edu.vn\/?page_id=2878","og_locale":"vi_VN","og_type":"article","og_title":"Video - Ng\u00e0y Khoa h\u1ecdc v\u00e0 C\u00f4ng ngh\u1ec7 Vi\u1ec7t Nam 18\/5","og_url":"http:\/\/khcn185.vnua.edu.vn\/?page_id=2878","og_site_name":"Ng\u00e0y Khoa h\u1ecdc v\u00e0 C\u00f4ng ngh\u1ec7 Vi\u1ec7t Nam 18\/5","article_modified_time":"2023-05-25T02:01:21+00:00","twitter_card":"summary_large_image","twitter_misc":{"\u01af\u1edbc t\u00ednh th\u1eddi gian \u0111\u1ecdc":"1 ph\u00fat"},"schema":{"@context":"https:\/\/schema.org","@graph":[{"@type":"WebPage","@id":"http:\/\/khcn185.vnua.edu.vn\/?page_id=2878","url":"http:\/\/khcn185.vnua.edu.vn\/?page_id=2878","name":"Video - Ng\u00e0y Khoa h\u1ecdc v\u00e0 C\u00f4ng ngh\u1ec7 Vi\u1ec7t Nam 18\/5","isPartOf":{"@id":"http:\/\/localhost\/avs2022\/#website"},"datePublished":"2023-05-25T09:01:21+07:00","dateModified":"2023-05-25T02:01:21+00:00","breadcrumb":{"@id":"http:\/\/khcn185.vnua.edu.vn\/?page_id=2878#breadcrumb"},"inLanguage":"vi","potentialAction":[{"@type":"ReadAction","target":["http:\/\/khcn185.vnua.edu.vn\/?page_id=2878"]}]},{"@type":"BreadcrumbList","@id":"http:\/\/khcn185.vnua.edu.vn\/?page_id=2878#breadcrumb","itemListElement":[{"@type":"ListItem","position":1,"name":"Trang ch\u1ee7","item":"http:\/\/khcn185.vnua.edu.vn\/"},{"@type":"ListItem","position":2,"name":"Video"}]},{"@type":"WebSite","@id":"http:\/\/localhost\/avs2022\/#website","url":"http:\/\/localhost\/avs2022\/","name":"Khoa Th\u1ee7y s\u1ea3n","description":"Ng\u00e0y Khoa h\u1ecdc v\u00e0 C\u00f4ng ngh\u1ec7 Vi\u1ec7t Nam 18\/5","publisher":{"@id":"http:\/\/localhost\/avs2022\/#organization"},"potentialAction":[{"@type":"SearchAction","target":{"@type":"EntryPoint","urlTemplate":"http:\/\/localhost\/avs2022\/?s={search_term_string}"},"query-input":{"@type":"PropertyValueSpecification","valueRequired":true,"valueName":"search_term_string"}}],"inLanguage":"vi"},{"@type":"Organization","@id":"http:\/\/localhost\/avs2022\/#organization","name":"Khoa Th\u1ee7y s\u1ea3n","url":"http:\/\/localhost\/avs2022\/","logo":{"@type":"ImageObject","inLanguage":"vi","@id":"http:\/\/localhost\/avs2022\/#\/schema\/logo\/image\/","url":"http:\/\/localhost\/avs2022\/wp-content\/uploads\/2023\/01\/banner-fish.png","contentUrl":"http:\/\/localhost\/avs2022\/wp-content\/uploads\/2023\/01\/banner-fish.png","width":83,"height":79,"caption":"Khoa Th\u1ee7y s\u1ea3n"},"image":{"@id":"http:\/\/localhost\/avs2022\/#\/schema\/logo\/image\/"}}]}},"_links":{"self":[{"href":"http:\/\/khcn185.vnua.edu.vn\/index.php?rest_route=\/wp\/v2\/pages\/2878","targetHints":{"allow":["GET"]}}],"collection":[{"href":"http:\/\/khcn185.vnua.edu.vn\/index.php?rest_route=\/wp\/v2\/pages"}],"about":[{"href":"http:\/\/khcn185.vnua.edu.vn\/index.php?rest_route=\/wp\/v2\/types\/page"}],"author":[{"embeddable":true,"href":"http:\/\/khcn185.vnua.edu.vn\/index.php?rest_route=\/wp\/v2\/users\/2"}],"replies":[{"embeddable":true,"href":"http:\/\/khcn185.vnua.edu.vn\/index.php?rest_route=%2Fwp%2Fv2%2Fcomments&post=2878"}],"version-history":[{"count":36,"href":"http:\/\/khcn185.vnua.edu.vn\/index.php?rest_route=\/wp\/v2\/pages\/2878\/revisions"}],"predecessor-version":[{"id":4375,"href":"http:\/\/khcn185.vnua.edu.vn\/index.php?rest_route=\/wp\/v2\/pages\/2878\/revisions\/4375"}],"wp:attachment":[{"href":"http:\/\/khcn185.vnua.edu.vn\/index.php?rest_route=%2Fwp%2Fv2%2Fmedia&parent=2878"}],"curies":[{"name":"wp","href":"https:\/\/api.w.org\/{rel}","templated":true}]}}